{"id":3663,"date":"2021-12-16T12:21:44","date_gmt":"2021-12-16T11:21:44","guid":{"rendered":"https:\/\/www.loodsmans-texel.nl\/?page_id=3663"},"modified":"2021-12-16T12:21:44","modified_gmt":"2021-12-16T11:21:44","slug":"datenschutzbestimmungen","status":"publish","type":"page","link":"https:\/\/www.loodsmans.nl\/de\/datenschutzbestimmungen\/","title":{"rendered":"Datenschutzbestimmungen"},"content":{"rendered":"<p>Das Hotel Loodsmans-Welvaren hat seinen Sitz in den Niederlanden und ist f\u00fcr die Verarbeitung personenbezogener Daten, wie in dieser Datenschutzerkl\u00e4rung beschrieben, verantwortlich.<\/p>\n<p>F\u00fcr Hotel Loodsmans-Welvaren ist der sorgf\u00e4ltige Umgang mit personenbezogenen Daten von gr\u00f6\u00dfter Bedeutung. Pers\u00f6nliche Daten werden sorgf\u00e4ltig verarbeitet und gesichert. Bei der Verarbeitung beachten wir die Anforderungen der Allgemeinen Datenschutzverordnung (AVG&#8220;). Diese Datenschutzerkl\u00e4rung erl\u00e4utert, wie wir Ihre Daten in \u00dcbereinstimmung mit dem AVG sammeln und verwenden.<\/p>\n<p>In dieser Datenschutzerkl\u00e4rung erl\u00e4utern wir, welche personenbezogenen Daten wir zu welchem Zweck erheben und verwenden. Wir empfehlen Ihnen, diese Erkl\u00e4rung zum Datenschutz sorgf\u00e4ltig zu lesen. Diese Datenschutzerkl\u00e4rung gilt f\u00fcr unsere Website, www.loodsmans-texel.nl und damit verbundene Websites und Dienste.<\/p>\n","protected":false},"excerpt":{"rendered":"<p>Das Hotel Loodsmans-Welvaren hat seinen Sitz in den Niederlanden und ist f\u00fcr die Verarbeitung personenbezogener Daten, wie in dieser Datenschutzerkl\u00e4rung beschrieben, verantwortlich. F\u00fcr Hotel Loodsmans-Welvaren ist der sorgf\u00e4ltige Umgang mit personenbezogenen Daten von gr\u00f6\u00dfter Bedeutung. Pers\u00f6nliche Daten werden sorgf\u00e4ltig verarbeitet und gesichert. Bei der Verarbeitung beachten wir die Anforderungen der Allgemeinen Datenschutzverordnung (AVG&#8220;). Diese Datenschutzerkl\u00e4rung erl\u00e4utert, wie wir Ihre Daten in \u00dcbereinstimmung mit dem AVG sammeln und verwenden. In dieser Datenschutzerkl\u00e4rung erl\u00e4utern wir, welche personenbezogenen Daten wir zu welchem Zweck erheben und verwenden. Wir empfehlen Ihnen, diese Erkl\u00e4rung zum Datenschutz sorgf\u00e4ltig zu lesen. Diese Datenschutzerkl\u00e4rung gilt f\u00fcr unsere Website, www.loodsmans-texel.nl <\/p>\n","protected":false},"author":3,"featured_media":2374,"parent":0,"menu_order":0,"comment_status":"closed","ping_status":"closed","template":"","meta":{"_acf_changed":false,"footnotes":""},"class_list":["post-3663","page","type-page","status-publish","has-post-thumbnail","hentry"],"acf":[],"yoast_head":"<!-- This site is optimized with the Yoast SEO plugin v27.2 - https:\/\/yoast.com\/product\/yoast-seo-wordpress\/ -->\n<title>Datenschutzbestimmungen &#8212; Loodsmans<\/title>\n<meta name=\"robots\" content=\"index, follow, max-snippet:-1, max-image-preview:large, max-video-preview:-1\" \/>\n<link rel=\"canonical\" href=\"https:\/\/www.loodsmans.nl\/privacybeleid\/\" \/>\n<meta property=\"og:locale\" content=\"de_DE\" \/>\n<meta property=\"og:type\" content=\"article\" \/>\n<meta property=\"og:title\" content=\"Datenschutzbestimmungen &#8212; Loodsmans\" \/>\n<meta property=\"og:description\" content=\"Das Hotel Loodsmans-Welvaren hat seinen Sitz in den Niederlanden und ist f\u00fcr die Verarbeitung personenbezogener Daten, wie in dieser Datenschutzerkl\u00e4rung beschrieben, verantwortlich. F\u00fcr Hotel Loodsmans-Welvaren ist der sorgf\u00e4ltige Umgang mit personenbezogenen Daten von gr\u00f6\u00dfter Bedeutung. Pers\u00f6nliche Daten werden sorgf\u00e4ltig verarbeitet und gesichert. Bei der Verarbeitung beachten wir die Anforderungen der Allgemeinen Datenschutzverordnung (AVG&#8220;). Diese Datenschutzerkl\u00e4rung erl\u00e4utert, wie wir Ihre Daten in \u00dcbereinstimmung mit dem AVG sammeln und verwenden. In dieser Datenschutzerkl\u00e4rung erl\u00e4utern wir, welche personenbezogenen Daten wir zu welchem Zweck erheben und verwenden. Wir empfehlen Ihnen, diese Erkl\u00e4rung zum Datenschutz sorgf\u00e4ltig zu lesen. Diese Datenschutzerkl\u00e4rung gilt f\u00fcr unsere Website, www.loodsmans-texel.nl\" \/>\n<meta property=\"og:url\" content=\"https:\/\/www.loodsmans.nl\/privacybeleid\/\" \/>\n<meta property=\"og:site_name\" content=\"Loodsmans\" \/>\n<meta property=\"article:publisher\" content=\"https:\/\/www.facebook.com\/hotelloodsmans\/\" \/>\n<meta property=\"og:image\" content=\"https:\/\/www.loodsmans.nl\/wp-content\/uploads\/2018\/06\/omgeving-texel7.jpg\" \/>\n\t<meta property=\"og:image:width\" content=\"1170\" \/>\n\t<meta property=\"og:image:height\" content=\"679\" \/>\n\t<meta property=\"og:image:type\" content=\"image\/jpeg\" \/>\n<meta name=\"twitter:card\" content=\"summary_large_image\" \/>\n<meta name=\"twitter:site\" content=\"@loodsmanstexel\" \/>\n<meta name=\"twitter:label1\" content=\"Gesch\u00e4tzte Lesezeit\" \/>\n\t<meta name=\"twitter:data1\" content=\"1\u00a0Minute\" \/>\n<script type=\"application\/ld+json\" class=\"yoast-schema-graph\">{\"@context\":\"https:\/\/schema.org\",\"@graph\":[{\"@type\":\"WebPage\",\"@id\":\"https:\/\/www.loodsmans.nl\/privacybeleid\/\",\"url\":\"https:\/\/www.loodsmans.nl\/privacybeleid\/\",\"name\":\"Datenschutzbestimmungen &#8212; Loodsmans\",\"isPartOf\":{\"@id\":\"https:\/\/www.loodsmans.nl\/#website\"},\"primaryImageOfPage\":{\"@id\":\"https:\/\/www.loodsmans.nl\/privacybeleid\/#primaryimage\"},\"image\":{\"@id\":\"https:\/\/www.loodsmans.nl\/privacybeleid\/#primaryimage\"},\"thumbnailUrl\":\"https:\/\/www.loodsmans.nl\/wp-content\/uploads\/2018\/06\/omgeving-texel7.jpg\",\"datePublished\":\"2021-12-16T11:21:44+00:00\",\"breadcrumb\":{\"@id\":\"https:\/\/www.loodsmans.nl\/privacybeleid\/#breadcrumb\"},\"inLanguage\":\"de\",\"potentialAction\":[{\"@type\":\"ReadAction\",\"target\":[\"https:\/\/www.loodsmans.nl\/privacybeleid\/\"]}]},{\"@type\":\"ImageObject\",\"inLanguage\":\"de\",\"@id\":\"https:\/\/www.loodsmans.nl\/privacybeleid\/#primaryimage\",\"url\":\"https:\/\/www.loodsmans.nl\/wp-content\/uploads\/2018\/06\/omgeving-texel7.jpg\",\"contentUrl\":\"https:\/\/www.loodsmans.nl\/wp-content\/uploads\/2018\/06\/omgeving-texel7.jpg\",\"width\":1170,\"height\":679},{\"@type\":\"BreadcrumbList\",\"@id\":\"https:\/\/www.loodsmans.nl\/privacybeleid\/#breadcrumb\",\"itemListElement\":[{\"@type\":\"ListItem\",\"position\":1,\"name\":\"Home\",\"item\":\"https:\/\/www.loodsmans.nl\/de\/\"},{\"@type\":\"ListItem\",\"position\":2,\"name\":\"Datenschutzbestimmungen\"}]},{\"@type\":\"WebSite\",\"@id\":\"https:\/\/www.loodsmans.nl\/#website\",\"url\":\"https:\/\/www.loodsmans.nl\/\",\"name\":\"Loodsmans\",\"description\":\"Loodsmans\",\"publisher\":{\"@id\":\"https:\/\/www.loodsmans.nl\/#organization\"},\"potentialAction\":[{\"@type\":\"SearchAction\",\"target\":{\"@type\":\"EntryPoint\",\"urlTemplate\":\"https:\/\/www.loodsmans.nl\/?s={search_term_string}\"},\"query-input\":{\"@type\":\"PropertyValueSpecification\",\"valueRequired\":true,\"valueName\":\"search_term_string\"}}],\"inLanguage\":\"de\"},{\"@type\":\"Organization\",\"@id\":\"https:\/\/www.loodsmans.nl\/#organization\",\"name\":\"Loodsmans Welvaren\",\"url\":\"https:\/\/www.loodsmans.nl\/\",\"logo\":{\"@type\":\"ImageObject\",\"inLanguage\":\"de\",\"@id\":\"https:\/\/www.loodsmans.nl\/#\/schema\/logo\/image\/\",\"url\":\"https:\/\/www.loodsmans.nl\/wp-content\/uploads\/2018\/03\/Hotel-BB-Loodsmans-Welvaren-Texel.png\",\"contentUrl\":\"https:\/\/www.loodsmans.nl\/wp-content\/uploads\/2018\/03\/Hotel-BB-Loodsmans-Welvaren-Texel.png\",\"width\":283,\"height\":120,\"caption\":\"Loodsmans Welvaren\"},\"image\":{\"@id\":\"https:\/\/www.loodsmans.nl\/#\/schema\/logo\/image\/\"},\"sameAs\":[\"https:\/\/www.facebook.com\/hotelloodsmans\/\",\"https:\/\/x.com\/loodsmanstexel\"]}]}<\/script>\n<!-- \/ Yoast SEO plugin. -->","yoast_head_json":{"title":"Datenschutzbestimmungen &#8212; Loodsmans","robots":{"index":"index","follow":"follow","max-snippet":"max-snippet:-1","max-image-preview":"max-image-preview:large","max-video-preview":"max-video-preview:-1"},"canonical":"https:\/\/www.loodsmans.nl\/privacybeleid\/","og_locale":"de_DE","og_type":"article","og_title":"Datenschutzbestimmungen &#8212; Loodsmans","og_description":"Das Hotel Loodsmans-Welvaren hat seinen Sitz in den Niederlanden und ist f\u00fcr die Verarbeitung personenbezogener Daten, wie in dieser Datenschutzerkl\u00e4rung beschrieben, verantwortlich. F\u00fcr Hotel Loodsmans-Welvaren ist der sorgf\u00e4ltige Umgang mit personenbezogenen Daten von gr\u00f6\u00dfter Bedeutung. Pers\u00f6nliche Daten werden sorgf\u00e4ltig verarbeitet und gesichert. Bei der Verarbeitung beachten wir die Anforderungen der Allgemeinen Datenschutzverordnung (AVG&#8220;). Diese Datenschutzerkl\u00e4rung erl\u00e4utert, wie wir Ihre Daten in \u00dcbereinstimmung mit dem AVG sammeln und verwenden. In dieser Datenschutzerkl\u00e4rung erl\u00e4utern wir, welche personenbezogenen Daten wir zu welchem Zweck erheben und verwenden. Wir empfehlen Ihnen, diese Erkl\u00e4rung zum Datenschutz sorgf\u00e4ltig zu lesen. Diese Datenschutzerkl\u00e4rung gilt f\u00fcr unsere Website, www.loodsmans-texel.nl","og_url":"https:\/\/www.loodsmans.nl\/privacybeleid\/","og_site_name":"Loodsmans","article_publisher":"https:\/\/www.facebook.com\/hotelloodsmans\/","og_image":[{"width":1170,"height":679,"url":"https:\/\/www.loodsmans.nl\/wp-content\/uploads\/2018\/06\/omgeving-texel7.jpg","type":"image\/jpeg"}],"twitter_card":"summary_large_image","twitter_site":"@loodsmanstexel","twitter_misc":{"Gesch\u00e4tzte Lesezeit":"1\u00a0Minute"},"schema":{"@context":"https:\/\/schema.org","@graph":[{"@type":"WebPage","@id":"https:\/\/www.loodsmans.nl\/privacybeleid\/","url":"https:\/\/www.loodsmans.nl\/privacybeleid\/","name":"Datenschutzbestimmungen &#8212; Loodsmans","isPartOf":{"@id":"https:\/\/www.loodsmans.nl\/#website"},"primaryImageOfPage":{"@id":"https:\/\/www.loodsmans.nl\/privacybeleid\/#primaryimage"},"image":{"@id":"https:\/\/www.loodsmans.nl\/privacybeleid\/#primaryimage"},"thumbnailUrl":"https:\/\/www.loodsmans.nl\/wp-content\/uploads\/2018\/06\/omgeving-texel7.jpg","datePublished":"2021-12-16T11:21:44+00:00","breadcrumb":{"@id":"https:\/\/www.loodsmans.nl\/privacybeleid\/#breadcrumb"},"inLanguage":"de","potentialAction":[{"@type":"ReadAction","target":["https:\/\/www.loodsmans.nl\/privacybeleid\/"]}]},{"@type":"ImageObject","inLanguage":"de","@id":"https:\/\/www.loodsmans.nl\/privacybeleid\/#primaryimage","url":"https:\/\/www.loodsmans.nl\/wp-content\/uploads\/2018\/06\/omgeving-texel7.jpg","contentUrl":"https:\/\/www.loodsmans.nl\/wp-content\/uploads\/2018\/06\/omgeving-texel7.jpg","width":1170,"height":679},{"@type":"BreadcrumbList","@id":"https:\/\/www.loodsmans.nl\/privacybeleid\/#breadcrumb","itemListElement":[{"@type":"ListItem","position":1,"name":"Home","item":"https:\/\/www.loodsmans.nl\/de\/"},{"@type":"ListItem","position":2,"name":"Datenschutzbestimmungen"}]},{"@type":"WebSite","@id":"https:\/\/www.loodsmans.nl\/#website","url":"https:\/\/www.loodsmans.nl\/","name":"Loodsmans","description":"Loodsmans","publisher":{"@id":"https:\/\/www.loodsmans.nl\/#organization"},"potentialAction":[{"@type":"SearchAction","target":{"@type":"EntryPoint","urlTemplate":"https:\/\/www.loodsmans.nl\/?s={search_term_string}"},"query-input":{"@type":"PropertyValueSpecification","valueRequired":true,"valueName":"search_term_string"}}],"inLanguage":"de"},{"@type":"Organization","@id":"https:\/\/www.loodsmans.nl\/#organization","name":"Loodsmans Welvaren","url":"https:\/\/www.loodsmans.nl\/","logo":{"@type":"ImageObject","inLanguage":"de","@id":"https:\/\/www.loodsmans.nl\/#\/schema\/logo\/image\/","url":"https:\/\/www.loodsmans.nl\/wp-content\/uploads\/2018\/03\/Hotel-BB-Loodsmans-Welvaren-Texel.png","contentUrl":"https:\/\/www.loodsmans.nl\/wp-content\/uploads\/2018\/03\/Hotel-BB-Loodsmans-Welvaren-Texel.png","width":283,"height":120,"caption":"Loodsmans Welvaren"},"image":{"@id":"https:\/\/www.loodsmans.nl\/#\/schema\/logo\/image\/"},"sameAs":["https:\/\/www.facebook.com\/hotelloodsmans\/","https:\/\/x.com\/loodsmanstexel"]}]}},"_links":{"self":[{"href":"https:\/\/www.loodsmans.nl\/de\/wp-json\/wp\/v2\/pages\/3663","targetHints":{"allow":["GET"]}}],"collection":[{"href":"https:\/\/www.loodsmans.nl\/de\/wp-json\/wp\/v2\/pages"}],"about":[{"href":"https:\/\/www.loodsmans.nl\/de\/wp-json\/wp\/v2\/types\/page"}],"author":[{"embeddable":true,"href":"https:\/\/www.loodsmans.nl\/de\/wp-json\/wp\/v2\/users\/3"}],"replies":[{"embeddable":true,"href":"https:\/\/www.loodsmans.nl\/de\/wp-json\/wp\/v2\/comments?post=3663"}],"version-history":[{"count":2,"href":"https:\/\/www.loodsmans.nl\/de\/wp-json\/wp\/v2\/pages\/3663\/revisions"}],"predecessor-version":[{"id":3665,"href":"https:\/\/www.loodsmans.nl\/de\/wp-json\/wp\/v2\/pages\/3663\/revisions\/3665"}],"wp:featuredmedia":[{"embeddable":true,"href":"https:\/\/www.loodsmans.nl\/de\/wp-json\/wp\/v2\/media\/2374"}],"wp:attachment":[{"href":"https:\/\/www.loodsmans.nl\/de\/wp-json\/wp\/v2\/media?parent=3663"}],"curies":[{"name":"wp","href":"https:\/\/api.w.org\/{rel}","templated":true}]}}