{"id":339,"date":"2017-01-09T11:52:52","date_gmt":"2017-01-09T11:52:52","guid":{"rendered":"http:\/\/www.loodsmans-texel.nl\/loodsmans-gastenkaartdu\/?lang=de"},"modified":"2021-10-19T16:04:22","modified_gmt":"2021-10-19T14:04:22","slug":"loodsmans-gaestekarte","status":"publish","type":"page","link":"https:\/\/www.loodsmans.nl\/de\/loodsmans-gaestekarte\/","title":{"rendered":"Loodsmans G\u00e4stekarte"},"content":{"rendered":"<p>Bei Ihren Aufenthalt bei Loodsmans Welvaren bekommen Sie eine G\u00e4stekarte. Mit dieser G\u00e4stekarte genie\u00dfen Sie von eine kleine \u00dcberraschung bei verschiedenen Restaurants. So f\u00fchlen Sie sich noch mehr wie Zuhause!<\/p>\n<h3>Teilnehmer G\u00e4stekarte<\/h3>\n<p>Sehen Sie sich hier unten die teilnehmenden Restaurants an:<br \/>\n<strong>Achtung:<\/strong> Die G\u00e4stekarte sollte vor Ihre Bestellung an das Personal gezeigt werden.<\/p>\n<h4>Theater Restaurant De Toegift @Klif12<\/h4>\n<p>Genie\u00dfen Sie von ein Theater Vorstellung und das gem\u00fctliche Restaurant.<br \/>\n<em>*Schauen Sie sich die Webseite von Klif12 an f\u00fcr die Aktuelle Vorstellungen.<\/em><br \/>\n<em>*Sie sollten vorher reservieren<\/em><\/p>\n<p>De Toegift<br \/>\n1797 AL, Den Hoorn<br \/>\n+31 (0) 222 319 633<br \/>\nwww.detoegift.nl<\/p>\n<h4>Restaurant KLIF23<\/h4>\n<p>KLIF23 ist ein gem\u00fctliches und bezahlbares Restaurant in eine sch\u00f6ne Atmosph\u00e4re. Das Restaurant ist in Den Hoorn und bietet ein Biergarten.<\/p>\n<p>Klif 23<br \/>\n1797 AK, Den Hoorn<br \/>\n+31 (0) 222 319 515<br \/>\nwww.klif23.nl<\/p>\n<h4>Eterij en drinkerij INN DE KNIP<\/h4>\n<p>INN DE KNIP liegt in das Zentrum von Den Hoorn. Genie\u00dfen Sie hier von verschiedenen Gerichten von Texel.<br \/>\n<em>*Die K\u00fcche ist bis 19:30 ge\u00f6ffnet<\/em><\/p>\n<p>De Naal 2<br \/>\n1797 AC, Den Hoorn<br \/>\n+31 (0) 222 319 946<br \/>\nwww.inndeknip.nl<\/p>\n","protected":false},"excerpt":{"rendered":"<p>Bei Ihren Aufenthalt bei Loodsmans Welvaren bekommen Sie eine G\u00e4stekarte. Mit dieser G\u00e4stekarte genie\u00dfen Sie von eine kleine \u00dcberraschung bei verschiedenen Restaurants. So f\u00fchlen Sie sich noch mehr wie Zuhause! Teilnehmer G\u00e4stekarte Sehen Sie sich hier unten die teilnehmenden Restaurants an: Achtung: Die G\u00e4stekarte sollte vor Ihre Bestellung an das Personal gezeigt werden. Theater Restaurant De Toegift @Klif12 Genie\u00dfen Sie von ein Theater Vorstellung und das gem\u00fctliche Restaurant. *Schauen Sie sich die Webseite von Klif12 an f\u00fcr die Aktuelle Vorstellungen. *Sie sollten vorher reservieren De Toegift 1797 AL, Den Hoorn +31 (0) 222 319 633 www.detoegift.nl Restaurant KLIF23 KLIF23 ist <\/p>\n","protected":false},"author":1,"featured_media":1894,"parent":0,"menu_order":0,"comment_status":"closed","ping_status":"closed","template":"","meta":{"_acf_changed":false,"footnotes":""},"class_list":["post-339","page","type-page","status-publish","has-post-thumbnail","hentry"],"acf":[],"yoast_head":"<!-- This site is optimized with the Yoast SEO plugin v27.2 - https:\/\/yoast.com\/product\/yoast-seo-wordpress\/ -->\n<title>Loodsmans G\u00e4stekarte - \u00dcberaschungen bei vielen Restaurants<\/title>\n<meta name=\"description\" content=\"Bei Hotel Loodsmans Welvaren bekommen Sie eine G\u00e4stekarte. Provitieren Sie von \u00fcberaschungen bei verschiedenen Restaurants auf Texel\" \/>\n<meta name=\"robots\" content=\"index, follow, max-snippet:-1, max-image-preview:large, max-video-preview:-1\" \/>\n<link rel=\"canonical\" href=\"https:\/\/www.loodsmans.nl\/de\/loodsmans-gaestekarte\/\" \/>\n<meta property=\"og:locale\" content=\"de_DE\" \/>\n<meta property=\"og:type\" content=\"article\" \/>\n<meta property=\"og:title\" content=\"Loodsmans G\u00e4stekarte - \u00dcberaschungen bei vielen Restaurants\" \/>\n<meta property=\"og:description\" content=\"Bei Hotel Loodsmans Welvaren bekommen Sie eine G\u00e4stekarte. Provitieren Sie von \u00fcberaschungen bei verschiedenen Restaurants auf Texel\" \/>\n<meta property=\"og:url\" content=\"https:\/\/www.loodsmans.nl\/de\/loodsmans-gaestekarte\/\" \/>\n<meta property=\"og:site_name\" content=\"Loodsmans\" \/>\n<meta property=\"article:publisher\" content=\"https:\/\/www.facebook.com\/hotelloodsmans\/\" \/>\n<meta property=\"article:modified_time\" content=\"2021-10-19T14:04:22+00:00\" \/>\n<meta property=\"og:image\" content=\"https:\/\/www.loodsmans.nl\/wp-content\/uploads\/2018\/03\/loodsmans-gastenkaart.jpg\" \/>\n\t<meta property=\"og:image:width\" content=\"2215\" \/>\n\t<meta property=\"og:image:height\" content=\"498\" \/>\n\t<meta property=\"og:image:type\" content=\"image\/jpeg\" \/>\n<meta name=\"twitter:card\" content=\"summary_large_image\" \/>\n<meta name=\"twitter:site\" content=\"@loodsmanstexel\" \/>\n<meta name=\"twitter:label1\" content=\"Gesch\u00e4tzte Lesezeit\" \/>\n\t<meta name=\"twitter:data1\" content=\"1\u00a0Minute\" \/>\n<script type=\"application\/ld+json\" class=\"yoast-schema-graph\">{\"@context\":\"https:\/\/schema.org\",\"@graph\":[{\"@type\":\"WebPage\",\"@id\":\"https:\/\/www.loodsmans.nl\/de\/loodsmans-gaestekarte\/\",\"url\":\"https:\/\/www.loodsmans.nl\/de\/loodsmans-gaestekarte\/\",\"name\":\"Loodsmans G\u00e4stekarte - \u00dcberaschungen bei vielen Restaurants\",\"isPartOf\":{\"@id\":\"https:\/\/www.loodsmans.nl\/#website\"},\"primaryImageOfPage\":{\"@id\":\"https:\/\/www.loodsmans.nl\/de\/loodsmans-gaestekarte\/#primaryimage\"},\"image\":{\"@id\":\"https:\/\/www.loodsmans.nl\/de\/loodsmans-gaestekarte\/#primaryimage\"},\"thumbnailUrl\":\"https:\/\/www.loodsmans.nl\/wp-content\/uploads\/2018\/03\/loodsmans-gastenkaart.jpg\",\"datePublished\":\"2017-01-09T11:52:52+00:00\",\"dateModified\":\"2021-10-19T14:04:22+00:00\",\"description\":\"Bei Hotel Loodsmans Welvaren bekommen Sie eine G\u00e4stekarte. Provitieren Sie von \u00fcberaschungen bei verschiedenen Restaurants auf Texel\",\"breadcrumb\":{\"@id\":\"https:\/\/www.loodsmans.nl\/de\/loodsmans-gaestekarte\/#breadcrumb\"},\"inLanguage\":\"de\",\"potentialAction\":[{\"@type\":\"ReadAction\",\"target\":[\"https:\/\/www.loodsmans.nl\/de\/loodsmans-gaestekarte\/\"]}]},{\"@type\":\"ImageObject\",\"inLanguage\":\"de\",\"@id\":\"https:\/\/www.loodsmans.nl\/de\/loodsmans-gaestekarte\/#primaryimage\",\"url\":\"https:\/\/www.loodsmans.nl\/wp-content\/uploads\/2018\/03\/loodsmans-gastenkaart.jpg\",\"contentUrl\":\"https:\/\/www.loodsmans.nl\/wp-content\/uploads\/2018\/03\/loodsmans-gastenkaart.jpg\",\"width\":2215,\"height\":498},{\"@type\":\"BreadcrumbList\",\"@id\":\"https:\/\/www.loodsmans.nl\/de\/loodsmans-gaestekarte\/#breadcrumb\",\"itemListElement\":[{\"@type\":\"ListItem\",\"position\":1,\"name\":\"Home\",\"item\":\"https:\/\/www.loodsmans.nl\/de\/\"},{\"@type\":\"ListItem\",\"position\":2,\"name\":\"Loodsmans G\u00e4stekarte\"}]},{\"@type\":\"WebSite\",\"@id\":\"https:\/\/www.loodsmans.nl\/#website\",\"url\":\"https:\/\/www.loodsmans.nl\/\",\"name\":\"Loodsmans\",\"description\":\"Loodsmans\",\"publisher\":{\"@id\":\"https:\/\/www.loodsmans.nl\/#organization\"},\"potentialAction\":[{\"@type\":\"SearchAction\",\"target\":{\"@type\":\"EntryPoint\",\"urlTemplate\":\"https:\/\/www.loodsmans.nl\/?s={search_term_string}\"},\"query-input\":{\"@type\":\"PropertyValueSpecification\",\"valueRequired\":true,\"valueName\":\"search_term_string\"}}],\"inLanguage\":\"de\"},{\"@type\":\"Organization\",\"@id\":\"https:\/\/www.loodsmans.nl\/#organization\",\"name\":\"Loodsmans Welvaren\",\"url\":\"https:\/\/www.loodsmans.nl\/\",\"logo\":{\"@type\":\"ImageObject\",\"inLanguage\":\"de\",\"@id\":\"https:\/\/www.loodsmans.nl\/#\/schema\/logo\/image\/\",\"url\":\"https:\/\/www.loodsmans.nl\/wp-content\/uploads\/2018\/03\/Hotel-BB-Loodsmans-Welvaren-Texel.png\",\"contentUrl\":\"https:\/\/www.loodsmans.nl\/wp-content\/uploads\/2018\/03\/Hotel-BB-Loodsmans-Welvaren-Texel.png\",\"width\":283,\"height\":120,\"caption\":\"Loodsmans Welvaren\"},\"image\":{\"@id\":\"https:\/\/www.loodsmans.nl\/#\/schema\/logo\/image\/\"},\"sameAs\":[\"https:\/\/www.facebook.com\/hotelloodsmans\/\",\"https:\/\/x.com\/loodsmanstexel\"]}]}<\/script>\n<!-- \/ Yoast SEO plugin. -->","yoast_head_json":{"title":"Loodsmans G\u00e4stekarte - \u00dcberaschungen bei vielen Restaurants","description":"Bei Hotel Loodsmans Welvaren bekommen Sie eine G\u00e4stekarte. Provitieren Sie von \u00fcberaschungen bei verschiedenen Restaurants auf Texel","robots":{"index":"index","follow":"follow","max-snippet":"max-snippet:-1","max-image-preview":"max-image-preview:large","max-video-preview":"max-video-preview:-1"},"canonical":"https:\/\/www.loodsmans.nl\/de\/loodsmans-gaestekarte\/","og_locale":"de_DE","og_type":"article","og_title":"Loodsmans G\u00e4stekarte - \u00dcberaschungen bei vielen Restaurants","og_description":"Bei Hotel Loodsmans Welvaren bekommen Sie eine G\u00e4stekarte. Provitieren Sie von \u00fcberaschungen bei verschiedenen Restaurants auf Texel","og_url":"https:\/\/www.loodsmans.nl\/de\/loodsmans-gaestekarte\/","og_site_name":"Loodsmans","article_publisher":"https:\/\/www.facebook.com\/hotelloodsmans\/","article_modified_time":"2021-10-19T14:04:22+00:00","og_image":[{"width":2215,"height":498,"url":"https:\/\/www.loodsmans.nl\/wp-content\/uploads\/2018\/03\/loodsmans-gastenkaart.jpg","type":"image\/jpeg"}],"twitter_card":"summary_large_image","twitter_site":"@loodsmanstexel","twitter_misc":{"Gesch\u00e4tzte Lesezeit":"1\u00a0Minute"},"schema":{"@context":"https:\/\/schema.org","@graph":[{"@type":"WebPage","@id":"https:\/\/www.loodsmans.nl\/de\/loodsmans-gaestekarte\/","url":"https:\/\/www.loodsmans.nl\/de\/loodsmans-gaestekarte\/","name":"Loodsmans G\u00e4stekarte - \u00dcberaschungen bei vielen Restaurants","isPartOf":{"@id":"https:\/\/www.loodsmans.nl\/#website"},"primaryImageOfPage":{"@id":"https:\/\/www.loodsmans.nl\/de\/loodsmans-gaestekarte\/#primaryimage"},"image":{"@id":"https:\/\/www.loodsmans.nl\/de\/loodsmans-gaestekarte\/#primaryimage"},"thumbnailUrl":"https:\/\/www.loodsmans.nl\/wp-content\/uploads\/2018\/03\/loodsmans-gastenkaart.jpg","datePublished":"2017-01-09T11:52:52+00:00","dateModified":"2021-10-19T14:04:22+00:00","description":"Bei Hotel Loodsmans Welvaren bekommen Sie eine G\u00e4stekarte. Provitieren Sie von \u00fcberaschungen bei verschiedenen Restaurants auf Texel","breadcrumb":{"@id":"https:\/\/www.loodsmans.nl\/de\/loodsmans-gaestekarte\/#breadcrumb"},"inLanguage":"de","potentialAction":[{"@type":"ReadAction","target":["https:\/\/www.loodsmans.nl\/de\/loodsmans-gaestekarte\/"]}]},{"@type":"ImageObject","inLanguage":"de","@id":"https:\/\/www.loodsmans.nl\/de\/loodsmans-gaestekarte\/#primaryimage","url":"https:\/\/www.loodsmans.nl\/wp-content\/uploads\/2018\/03\/loodsmans-gastenkaart.jpg","contentUrl":"https:\/\/www.loodsmans.nl\/wp-content\/uploads\/2018\/03\/loodsmans-gastenkaart.jpg","width":2215,"height":498},{"@type":"BreadcrumbList","@id":"https:\/\/www.loodsmans.nl\/de\/loodsmans-gaestekarte\/#breadcrumb","itemListElement":[{"@type":"ListItem","position":1,"name":"Home","item":"https:\/\/www.loodsmans.nl\/de\/"},{"@type":"ListItem","position":2,"name":"Loodsmans G\u00e4stekarte"}]},{"@type":"WebSite","@id":"https:\/\/www.loodsmans.nl\/#website","url":"https:\/\/www.loodsmans.nl\/","name":"Loodsmans","description":"Loodsmans","publisher":{"@id":"https:\/\/www.loodsmans.nl\/#organization"},"potentialAction":[{"@type":"SearchAction","target":{"@type":"EntryPoint","urlTemplate":"https:\/\/www.loodsmans.nl\/?s={search_term_string}"},"query-input":{"@type":"PropertyValueSpecification","valueRequired":true,"valueName":"search_term_string"}}],"inLanguage":"de"},{"@type":"Organization","@id":"https:\/\/www.loodsmans.nl\/#organization","name":"Loodsmans Welvaren","url":"https:\/\/www.loodsmans.nl\/","logo":{"@type":"ImageObject","inLanguage":"de","@id":"https:\/\/www.loodsmans.nl\/#\/schema\/logo\/image\/","url":"https:\/\/www.loodsmans.nl\/wp-content\/uploads\/2018\/03\/Hotel-BB-Loodsmans-Welvaren-Texel.png","contentUrl":"https:\/\/www.loodsmans.nl\/wp-content\/uploads\/2018\/03\/Hotel-BB-Loodsmans-Welvaren-Texel.png","width":283,"height":120,"caption":"Loodsmans Welvaren"},"image":{"@id":"https:\/\/www.loodsmans.nl\/#\/schema\/logo\/image\/"},"sameAs":["https:\/\/www.facebook.com\/hotelloodsmans\/","https:\/\/x.com\/loodsmanstexel"]}]}},"_links":{"self":[{"href":"https:\/\/www.loodsmans.nl\/de\/wp-json\/wp\/v2\/pages\/339","targetHints":{"allow":["GET"]}}],"collection":[{"href":"https:\/\/www.loodsmans.nl\/de\/wp-json\/wp\/v2\/pages"}],"about":[{"href":"https:\/\/www.loodsmans.nl\/de\/wp-json\/wp\/v2\/types\/page"}],"author":[{"embeddable":true,"href":"https:\/\/www.loodsmans.nl\/de\/wp-json\/wp\/v2\/users\/1"}],"replies":[{"embeddable":true,"href":"https:\/\/www.loodsmans.nl\/de\/wp-json\/wp\/v2\/comments?post=339"}],"version-history":[{"count":9,"href":"https:\/\/www.loodsmans.nl\/de\/wp-json\/wp\/v2\/pages\/339\/revisions"}],"predecessor-version":[{"id":2471,"href":"https:\/\/www.loodsmans.nl\/de\/wp-json\/wp\/v2\/pages\/339\/revisions\/2471"}],"wp:featuredmedia":[{"embeddable":true,"href":"https:\/\/www.loodsmans.nl\/de\/wp-json\/wp\/v2\/media\/1894"}],"wp:attachment":[{"href":"https:\/\/www.loodsmans.nl\/de\/wp-json\/wp\/v2\/media?parent=339"}],"curies":[{"name":"wp","href":"https:\/\/api.w.org\/{rel}","templated":true}]}}