{"id":2978,"date":"2018-08-03T12:30:21","date_gmt":"2018-08-03T12:30:21","guid":{"rendered":"http:\/\/www.loodsmans-texel.nl\/de\/ontbijt-texel\/"},"modified":"2026-03-25T16:50:23","modified_gmt":"2026-03-25T15:50:23","slug":"fruhstuck-texel","status":"publish","type":"page","link":"https:\/\/www.loodsmans.nl\/de\/fruhstuck-texel\/","title":{"rendered":"Fr\u00fchst\u00fccksbuffet"},"content":{"rendered":"<h2>Fr\u00fchst\u00fcck auf Texel in Den Hoorn<\/h2>\n<p>Nicht nur unsere Hotelg\u00e4ste k\u00f6nnen unser k\u00f6stliches Fr\u00fchst\u00fccksbuffet genie\u00dfen. Als Tourist auf Texel, der in einer anderen Unterkunft oder auf einem anderen Campingplatz \u00fcbernachtet, k\u00f6nnen Sie auch unser Fr\u00fchst\u00fccksbuffet in Den Hoorn genie\u00dfen.<\/p>\n<h2>\u00d6ffnungszeiten Fr\u00fchst\u00fccksbuffet in Den Hoorn Texel<\/h2>\n<ul>\n<li>T\u00e4glich von 08.30 bis 10.00<\/li>\n<\/ul>\n<p>Wir freuen uns Ihnen willkommen hei\u00dfen zu d\u00fcrfen!<\/p>\n","protected":false},"excerpt":{"rendered":"<p>Fr\u00fchst\u00fcck auf Texel in Den Hoorn Nicht nur unsere Hotelg\u00e4ste k\u00f6nnen unser k\u00f6stliches Fr\u00fchst\u00fccksbuffet genie\u00dfen. Als Tourist auf Texel, der in einer anderen Unterkunft oder auf einem anderen Campingplatz \u00fcbernachtet, k\u00f6nnen Sie auch unser Fr\u00fchst\u00fccksbuffet in Den Hoorn genie\u00dfen. \u00d6ffnungszeiten Fr\u00fchst\u00fccksbuffet in Den Hoorn Texel T\u00e4glich von 08.30 bis 10.00 Wir freuen uns Ihnen willkommen hei\u00dfen zu d\u00fcrfen!<\/p>\n","protected":false},"author":1,"featured_media":0,"parent":0,"menu_order":0,"comment_status":"closed","ping_status":"closed","template":"","meta":{"_acf_changed":false,"footnotes":""},"class_list":["post-2978","page","type-page","status-publish","hentry"],"acf":[],"yoast_head":"<!-- This site is optimized with the Yoast SEO plugin v27.2 - https:\/\/yoast.com\/product\/yoast-seo-wordpress\/ -->\n<title>Fr\u00fchst\u00fcck Buffet auf Texel - Auch f\u00fcr nicht Hotel-G\u00e4ste<\/title>\n<meta name=\"description\" content=\"Nicht nur unsere Hotelg\u00e4ste k\u00f6nnen von unserem Fr\u00fchst\u00fccksbuffet genie\u00dfen. Auch Sie sind bei uns willkommen um von unsere Fr\u00fchst\u00fccksbuffet zu genie\u00dfen!\" \/>\n<meta name=\"robots\" content=\"index, follow, max-snippet:-1, max-image-preview:large, max-video-preview:-1\" \/>\n<link rel=\"canonical\" href=\"https:\/\/www.loodsmans.nl\/de\/fruhstuck-texel\/\" \/>\n<meta property=\"og:locale\" content=\"de_DE\" \/>\n<meta property=\"og:type\" content=\"article\" \/>\n<meta property=\"og:title\" content=\"Fr\u00fchst\u00fcck Buffet auf Texel - Auch f\u00fcr nicht Hotel-G\u00e4ste\" \/>\n<meta property=\"og:description\" content=\"Nicht nur unsere Hotelg\u00e4ste k\u00f6nnen von unserem Fr\u00fchst\u00fccksbuffet genie\u00dfen. Auch Sie sind bei uns willkommen um von unsere Fr\u00fchst\u00fccksbuffet zu genie\u00dfen!\" \/>\n<meta property=\"og:url\" content=\"https:\/\/www.loodsmans.nl\/de\/fruhstuck-texel\/\" \/>\n<meta property=\"og:site_name\" content=\"Loodsmans\" \/>\n<meta property=\"article:publisher\" content=\"https:\/\/www.facebook.com\/hotelloodsmans\/\" \/>\n<meta property=\"article:modified_time\" content=\"2026-03-25T15:50:23+00:00\" \/>\n<meta name=\"twitter:card\" content=\"summary_large_image\" \/>\n<meta name=\"twitter:site\" content=\"@loodsmanstexel\" \/>\n<meta name=\"twitter:label1\" content=\"Gesch\u00e4tzte Lesezeit\" \/>\n\t<meta name=\"twitter:data1\" content=\"1\u00a0Minute\" \/>\n<script type=\"application\/ld+json\" class=\"yoast-schema-graph\">{\"@context\":\"https:\/\/schema.org\",\"@graph\":[{\"@type\":\"WebPage\",\"@id\":\"https:\/\/www.loodsmans.nl\/de\/fruhstuck-texel\/\",\"url\":\"https:\/\/www.loodsmans.nl\/de\/fruhstuck-texel\/\",\"name\":\"Fr\u00fchst\u00fcck Buffet auf Texel - Auch f\u00fcr nicht Hotel-G\u00e4ste\",\"isPartOf\":{\"@id\":\"https:\/\/www.loodsmans.nl\/#website\"},\"datePublished\":\"2018-08-03T12:30:21+00:00\",\"dateModified\":\"2026-03-25T15:50:23+00:00\",\"description\":\"Nicht nur unsere Hotelg\u00e4ste k\u00f6nnen von unserem Fr\u00fchst\u00fccksbuffet genie\u00dfen. Auch Sie sind bei uns willkommen um von unsere Fr\u00fchst\u00fccksbuffet zu genie\u00dfen!\",\"breadcrumb\":{\"@id\":\"https:\/\/www.loodsmans.nl\/de\/fruhstuck-texel\/#breadcrumb\"},\"inLanguage\":\"de\",\"potentialAction\":[{\"@type\":\"ReadAction\",\"target\":[\"https:\/\/www.loodsmans.nl\/de\/fruhstuck-texel\/\"]}]},{\"@type\":\"BreadcrumbList\",\"@id\":\"https:\/\/www.loodsmans.nl\/de\/fruhstuck-texel\/#breadcrumb\",\"itemListElement\":[{\"@type\":\"ListItem\",\"position\":1,\"name\":\"Home\",\"item\":\"https:\/\/www.loodsmans.nl\/de\/\"},{\"@type\":\"ListItem\",\"position\":2,\"name\":\"Fr\u00fchst\u00fccksbuffet\"}]},{\"@type\":\"WebSite\",\"@id\":\"https:\/\/www.loodsmans.nl\/#website\",\"url\":\"https:\/\/www.loodsmans.nl\/\",\"name\":\"Loodsmans\",\"description\":\"Loodsmans\",\"publisher\":{\"@id\":\"https:\/\/www.loodsmans.nl\/#organization\"},\"potentialAction\":[{\"@type\":\"SearchAction\",\"target\":{\"@type\":\"EntryPoint\",\"urlTemplate\":\"https:\/\/www.loodsmans.nl\/?s={search_term_string}\"},\"query-input\":{\"@type\":\"PropertyValueSpecification\",\"valueRequired\":true,\"valueName\":\"search_term_string\"}}],\"inLanguage\":\"de\"},{\"@type\":\"Organization\",\"@id\":\"https:\/\/www.loodsmans.nl\/#organization\",\"name\":\"Loodsmans Welvaren\",\"url\":\"https:\/\/www.loodsmans.nl\/\",\"logo\":{\"@type\":\"ImageObject\",\"inLanguage\":\"de\",\"@id\":\"https:\/\/www.loodsmans.nl\/#\/schema\/logo\/image\/\",\"url\":\"https:\/\/www.loodsmans.nl\/wp-content\/uploads\/2018\/03\/Hotel-BB-Loodsmans-Welvaren-Texel.png\",\"contentUrl\":\"https:\/\/www.loodsmans.nl\/wp-content\/uploads\/2018\/03\/Hotel-BB-Loodsmans-Welvaren-Texel.png\",\"width\":283,\"height\":120,\"caption\":\"Loodsmans Welvaren\"},\"image\":{\"@id\":\"https:\/\/www.loodsmans.nl\/#\/schema\/logo\/image\/\"},\"sameAs\":[\"https:\/\/www.facebook.com\/hotelloodsmans\/\",\"https:\/\/x.com\/loodsmanstexel\"]}]}<\/script>\n<!-- \/ Yoast SEO plugin. -->","yoast_head_json":{"title":"Fr\u00fchst\u00fcck Buffet auf Texel - Auch f\u00fcr nicht Hotel-G\u00e4ste","description":"Nicht nur unsere Hotelg\u00e4ste k\u00f6nnen von unserem Fr\u00fchst\u00fccksbuffet genie\u00dfen. Auch Sie sind bei uns willkommen um von unsere Fr\u00fchst\u00fccksbuffet zu genie\u00dfen!","robots":{"index":"index","follow":"follow","max-snippet":"max-snippet:-1","max-image-preview":"max-image-preview:large","max-video-preview":"max-video-preview:-1"},"canonical":"https:\/\/www.loodsmans.nl\/de\/fruhstuck-texel\/","og_locale":"de_DE","og_type":"article","og_title":"Fr\u00fchst\u00fcck Buffet auf Texel - Auch f\u00fcr nicht Hotel-G\u00e4ste","og_description":"Nicht nur unsere Hotelg\u00e4ste k\u00f6nnen von unserem Fr\u00fchst\u00fccksbuffet genie\u00dfen. Auch Sie sind bei uns willkommen um von unsere Fr\u00fchst\u00fccksbuffet zu genie\u00dfen!","og_url":"https:\/\/www.loodsmans.nl\/de\/fruhstuck-texel\/","og_site_name":"Loodsmans","article_publisher":"https:\/\/www.facebook.com\/hotelloodsmans\/","article_modified_time":"2026-03-25T15:50:23+00:00","twitter_card":"summary_large_image","twitter_site":"@loodsmanstexel","twitter_misc":{"Gesch\u00e4tzte Lesezeit":"1\u00a0Minute"},"schema":{"@context":"https:\/\/schema.org","@graph":[{"@type":"WebPage","@id":"https:\/\/www.loodsmans.nl\/de\/fruhstuck-texel\/","url":"https:\/\/www.loodsmans.nl\/de\/fruhstuck-texel\/","name":"Fr\u00fchst\u00fcck Buffet auf Texel - Auch f\u00fcr nicht Hotel-G\u00e4ste","isPartOf":{"@id":"https:\/\/www.loodsmans.nl\/#website"},"datePublished":"2018-08-03T12:30:21+00:00","dateModified":"2026-03-25T15:50:23+00:00","description":"Nicht nur unsere Hotelg\u00e4ste k\u00f6nnen von unserem Fr\u00fchst\u00fccksbuffet genie\u00dfen. Auch Sie sind bei uns willkommen um von unsere Fr\u00fchst\u00fccksbuffet zu genie\u00dfen!","breadcrumb":{"@id":"https:\/\/www.loodsmans.nl\/de\/fruhstuck-texel\/#breadcrumb"},"inLanguage":"de","potentialAction":[{"@type":"ReadAction","target":["https:\/\/www.loodsmans.nl\/de\/fruhstuck-texel\/"]}]},{"@type":"BreadcrumbList","@id":"https:\/\/www.loodsmans.nl\/de\/fruhstuck-texel\/#breadcrumb","itemListElement":[{"@type":"ListItem","position":1,"name":"Home","item":"https:\/\/www.loodsmans.nl\/de\/"},{"@type":"ListItem","position":2,"name":"Fr\u00fchst\u00fccksbuffet"}]},{"@type":"WebSite","@id":"https:\/\/www.loodsmans.nl\/#website","url":"https:\/\/www.loodsmans.nl\/","name":"Loodsmans","description":"Loodsmans","publisher":{"@id":"https:\/\/www.loodsmans.nl\/#organization"},"potentialAction":[{"@type":"SearchAction","target":{"@type":"EntryPoint","urlTemplate":"https:\/\/www.loodsmans.nl\/?s={search_term_string}"},"query-input":{"@type":"PropertyValueSpecification","valueRequired":true,"valueName":"search_term_string"}}],"inLanguage":"de"},{"@type":"Organization","@id":"https:\/\/www.loodsmans.nl\/#organization","name":"Loodsmans Welvaren","url":"https:\/\/www.loodsmans.nl\/","logo":{"@type":"ImageObject","inLanguage":"de","@id":"https:\/\/www.loodsmans.nl\/#\/schema\/logo\/image\/","url":"https:\/\/www.loodsmans.nl\/wp-content\/uploads\/2018\/03\/Hotel-BB-Loodsmans-Welvaren-Texel.png","contentUrl":"https:\/\/www.loodsmans.nl\/wp-content\/uploads\/2018\/03\/Hotel-BB-Loodsmans-Welvaren-Texel.png","width":283,"height":120,"caption":"Loodsmans Welvaren"},"image":{"@id":"https:\/\/www.loodsmans.nl\/#\/schema\/logo\/image\/"},"sameAs":["https:\/\/www.facebook.com\/hotelloodsmans\/","https:\/\/x.com\/loodsmanstexel"]}]}},"_links":{"self":[{"href":"https:\/\/www.loodsmans.nl\/de\/wp-json\/wp\/v2\/pages\/2978","targetHints":{"allow":["GET"]}}],"collection":[{"href":"https:\/\/www.loodsmans.nl\/de\/wp-json\/wp\/v2\/pages"}],"about":[{"href":"https:\/\/www.loodsmans.nl\/de\/wp-json\/wp\/v2\/types\/page"}],"author":[{"embeddable":true,"href":"https:\/\/www.loodsmans.nl\/de\/wp-json\/wp\/v2\/users\/1"}],"replies":[{"embeddable":true,"href":"https:\/\/www.loodsmans.nl\/de\/wp-json\/wp\/v2\/comments?post=2978"}],"version-history":[{"count":9,"href":"https:\/\/www.loodsmans.nl\/de\/wp-json\/wp\/v2\/pages\/2978\/revisions"}],"predecessor-version":[{"id":3934,"href":"https:\/\/www.loodsmans.nl\/de\/wp-json\/wp\/v2\/pages\/2978\/revisions\/3934"}],"wp:attachment":[{"href":"https:\/\/www.loodsmans.nl\/de\/wp-json\/wp\/v2\/media?parent=2978"}],"curies":[{"name":"wp","href":"https:\/\/api.w.org\/{rel}","templated":true}]}}